{"id":375,"date":"2024-07-04T11:01:20","date_gmt":"2024-07-04T09:01:20","guid":{"rendered":"https:\/\/abk-art-therapie.com\/?page_id=375"},"modified":"2025-05-13T20:51:35","modified_gmt":"2025-05-13T18:51:35","slug":"ateliers-darts-plastiques","status":"publish","type":"page","link":"https:\/\/atelier.lartimuse.fr\/?page_id=375","title":{"rendered":"Ateliers d&rsquo;arts plastiques \u00e0 Houilles"},"content":{"rendered":"\n<p><\/p>\n\n\n\n<p><strong>Cr\u00e9er et s\u2019amuser<\/strong> en peinture, dessin, sculpture, collage, modelage\u2026\u00a0Stimuler sa cr\u00e9ativit\u00e9 permet de prendre confiance en soi et diminue le stress. Mon approche p\u00e9dagogique repose sur l\u2019\u00e9coute et l\u2019adaptation des besoins de mes \u00e9l\u00e8ves pour cr\u00e9er un environnement de cr\u00e9ation et de r\u00e9flexion stimulant et apaisant.<\/p>\n\n\n\n<p>Chaque th\u00e9matique d\u00e9marre par une pr\u00e9sentation d&rsquo;\u0153uvres d&rsquo;art moderne et\/ou contemporain pour que les \u00e9l\u00e8ves apprennent \u00e0 d\u00e9crire et d\u00e9crypter des images. Ils passent ensuite \u00e0 une production en lien avec le sujet propos\u00e9. Diff\u00e9rentes techniques seront ainsi d\u00e9velopp\u00e9es tout au long de l&rsquo;ann\u00e9e : peinture \u00e0 l&rsquo;huile, aquarelle, acrylique, crayons aquarelle, pastels secs, fusain, collage, argile etc.<\/p>\n\n\n\n<p><\/p>\n\n\n\n<p>Les ateliers (5 \u00e9l\u00e8ves maximum) :<\/p>\n\n\n\n<ul class=\"wp-block-list\">\n<li><strong>Enfants 6-8 ans : mercredi de 14h \u00e0 14h45 <\/strong><\/li>\n<\/ul>\n\n\n\n<p>A l&rsquo;ann\u00e9e : 352\u20ac<\/p>\n\n\n\n<p>Carte de 10 s\u00e9ances : 150\u20ac<\/p>\n\n\n\n<p>A l&rsquo;unit\u00e9 : 18\u20ac<\/p>\n\n\n\n<ul class=\"wp-block-list\">\n<li><strong>Enfants 9-11 ans : mercredi de 15h \u00e0 16h<\/strong><\/li>\n<\/ul>\n\n\n\n<p>A l&rsquo;ann\u00e9e : 448\u20ac<\/p>\n\n\n\n<p>Carte de 10 s\u00e9ances : 180\u20ac<\/p>\n\n\n\n<p>A l&rsquo;unit\u00e9 : 20\u20ac<\/p>\n\n\n\n<ul class=\"wp-block-list\">\n<li><strong>Ados : mardi de 18h00 \u00e0 19h30<\/strong><\/li>\n<\/ul>\n\n\n\n<p>A l&rsquo;ann\u00e9e : 512\u20ac<\/p>\n\n\n\n<p>Carte de 10 s\u00e9ances : 200\u20ac<\/p>\n\n\n\n<p>A l&rsquo;unit\u00e9 : 24\u20ac<\/p>\n\n\n\n<ul class=\"wp-block-list\">\n<li><strong>Adultes : mercredi de 19h00 \u00e0 20h30<\/strong><\/li>\n<\/ul>\n\n\n\n<p>A l&rsquo;ann\u00e9e : 512\u20ac<\/p>\n\n\n\n<p>Carte de 10 s\u00e9ances : 200\u20ac<\/p>\n\n\n\n<p>A l&rsquo;unit\u00e9 : 24\u20ac<\/p>\n\n\n\n<p class=\"has-text-align-center\"><strong>Renseignements et r\u00e9servations au 06 11 35 28 71<\/strong><\/p>\n\n\n\n<figure class=\"wp-block-image size-full is-resized\"><a href=\"https:\/\/www.passplus.fr\/Beneficiaire\/LandingPage.aspx?ReturnUrl=%2fBeneficiaire%2findex.html\"><img loading=\"lazy\" decoding=\"async\" width=\"294\" height=\"171\" src=\"https:\/\/atelier.lartimuse.fr\/wp-content\/uploads\/2024\/07\/logo-pass.png\" alt=\"\" class=\"wp-image-382\" style=\"width:156px;height:auto\"\/><\/a><\/figure>\n\n\n\n<p><\/p>\n","protected":false},"excerpt":{"rendered":"<p>Cr\u00e9er et s\u2019amuser en peinture, dessin, sculpture, collage, modelage\u2026\u00a0Stimuler sa cr\u00e9ativit\u00e9 permet de prendre confiance en soi et diminue le stress. Mon approche p\u00e9dagogique repose sur l\u2019\u00e9coute et l\u2019adaptation des besoins de mes \u00e9l\u00e8ves pour cr\u00e9er un environnement de cr\u00e9ation et de r\u00e9flexion stimulant et apaisant. Chaque th\u00e9matique d\u00e9marre par une pr\u00e9sentation d&rsquo;\u0153uvres d&rsquo;art moderne&hellip; <a href=\"https:\/\/atelier.lartimuse.fr\/?page_id=375\" class=\"more-link\">Lire la suite <span class=\"screen-reader-text\">Ateliers d&rsquo;arts plastiques \u00e0 Houilles<\/span><\/a><\/p>\n","protected":false},"author":2,"featured_media":341,"parent":0,"menu_order":3,"comment_status":"closed","ping_status":"closed","template":"","meta":{"footnotes":""},"class_list":["post-375","page","type-page","status-publish","has-post-thumbnail","hentry","with-featured-image"],"_links":{"self":[{"href":"https:\/\/atelier.lartimuse.fr\/index.php?rest_route=\/wp\/v2\/pages\/375","targetHints":{"allow":["GET"]}}],"collection":[{"href":"https:\/\/atelier.lartimuse.fr\/index.php?rest_route=\/wp\/v2\/pages"}],"about":[{"href":"https:\/\/atelier.lartimuse.fr\/index.php?rest_route=\/wp\/v2\/types\/page"}],"author":[{"embeddable":true,"href":"https:\/\/atelier.lartimuse.fr\/index.php?rest_route=\/wp\/v2\/users\/2"}],"replies":[{"embeddable":true,"href":"https:\/\/atelier.lartimuse.fr\/index.php?rest_route=%2Fwp%2Fv2%2Fcomments&post=375"}],"version-history":[{"count":10,"href":"https:\/\/atelier.lartimuse.fr\/index.php?rest_route=\/wp\/v2\/pages\/375\/revisions"}],"predecessor-version":[{"id":458,"href":"https:\/\/atelier.lartimuse.fr\/index.php?rest_route=\/wp\/v2\/pages\/375\/revisions\/458"}],"wp:featuredmedia":[{"embeddable":true,"href":"https:\/\/atelier.lartimuse.fr\/index.php?rest_route=\/wp\/v2\/media\/341"}],"wp:attachment":[{"href":"https:\/\/atelier.lartimuse.fr\/index.php?rest_route=%2Fwp%2Fv2%2Fmedia&parent=375"}],"curies":[{"name":"wp","href":"https:\/\/api.w.org\/{rel}","templated":true}]}}