{"id":32,"date":"2020-02-21T15:41:17","date_gmt":"2020-02-21T14:41:17","guid":{"rendered":"http:\/\/abk-art-therapie.com\/?page_id=32"},"modified":"2025-05-13T13:49:07","modified_gmt":"2025-05-13T11:49:07","slug":"accueil","status":"publish","type":"page","link":"https:\/\/atelier.lartimuse.fr\/","title":{"rendered":"ACCUEIL"},"content":{"rendered":"\n<h2 class=\"wp-block-heading\">L&rsquo;Art-th\u00e9rapie contemporaine<\/h2>\n\n\n<div class=\"wp-block-image is-style-rounded\">\n<figure class=\"alignleft is-resized\"><img loading=\"lazy\" decoding=\"async\" width=\"1024\" height=\"1024\" src=\"http:\/\/abk-art-therapie.com\/wp-content\/uploads\/2020\/03\/ARTT_002-1-1024x1024.jpg\" alt=\"\" class=\"wp-image-174\" style=\"width:150px;height:150px\" srcset=\"https:\/\/atelier.lartimuse.fr\/wp-content\/uploads\/2020\/03\/ARTT_002-1-1024x1024.jpg 1024w, https:\/\/atelier.lartimuse.fr\/wp-content\/uploads\/2020\/03\/ARTT_002-1-150x150.jpg 150w, https:\/\/atelier.lartimuse.fr\/wp-content\/uploads\/2020\/03\/ARTT_002-1-300x300.jpg 300w, https:\/\/atelier.lartimuse.fr\/wp-content\/uploads\/2020\/03\/ARTT_002-1-768x768.jpg 768w, https:\/\/atelier.lartimuse.fr\/wp-content\/uploads\/2020\/03\/ARTT_002-1-180x180.jpg 180w, https:\/\/atelier.lartimuse.fr\/wp-content\/uploads\/2020\/03\/ARTT_002-1.jpg 1380w\" sizes=\"auto, (max-width: 1024px) 100vw, 1024px\" \/><\/figure>\n<\/div>\n\n\n<p class=\"has-text-align-left\">Sans connaissance ni comp\u00e9tence pr\u00e9alable, l&rsquo;art-th\u00e9rapie contemporaine est adapt\u00e9e \u00e0 tous. C&rsquo;est un moment de r\u00eaverie, un voyage singulier \u00e0 travers soi. Par la cr\u00e9ativit\u00e9 et le je(u), l&rsquo;art-th\u00e9rapie contemporaine permet de mettre de la distance sur ce qui fait souffrir, ce qui encombre et emp\u00eache de se dire de mani\u00e8re singuli\u00e8re.&nbsp; <\/p>\n\n\n\n<div class=\"wp-block-button has-custom-width wp-block-button__width-25 alignright\"><a class=\"wp-block-button__link has-very-dark-gray-color has-cyan-bluish-gray-background-color has-text-color has-background wp-element-button\" href=\"https:\/\/atelier.lartimuse.fr\/?page_id=191\">En savoir plus<br><\/a><\/div>\n\n\n\n<p><\/p>\n\n\n\n<p><\/p>\n\n\n\n<p><\/p>\n\n\n\n<h2 class=\"wp-block-heading\">Cr\u00e9ativit\u00e9 et bien-\u00eatre <\/h2>\n\n\n<div class=\"wp-block-image is-style-rounded\">\n<figure class=\"alignleft is-resized\"><img loading=\"lazy\" decoding=\"async\" width=\"1021\" height=\"1024\" src=\"http:\/\/abk-art-therapie.com\/wp-content\/uploads\/2020\/03\/mediation003-1021x1024.jpg\" alt=\"\" class=\"wp-image-184\" style=\"width:150px;height:150px\" srcset=\"https:\/\/atelier.lartimuse.fr\/wp-content\/uploads\/2020\/03\/mediation003-1021x1024.jpg 1021w, https:\/\/atelier.lartimuse.fr\/wp-content\/uploads\/2020\/03\/mediation003-150x150.jpg 150w, https:\/\/atelier.lartimuse.fr\/wp-content\/uploads\/2020\/03\/mediation003-300x300.jpg 300w, https:\/\/atelier.lartimuse.fr\/wp-content\/uploads\/2020\/03\/mediation003-768x770.jpg 768w, https:\/\/atelier.lartimuse.fr\/wp-content\/uploads\/2020\/03\/mediation003-180x180.jpg 180w, https:\/\/atelier.lartimuse.fr\/wp-content\/uploads\/2020\/03\/mediation003.jpg 2011w\" sizes=\"auto, (max-width: 1021px) 100vw, 1021px\" \/><\/figure>\n<\/div>\n\n\n<p class=\"has-text-align-left\">La m\u00e9diation artistique est un temps de cr\u00e9ation plastique utilisant diff\u00e9rents supports et techniques comme la peinture, la sculpture, le collage, les encres, les crayons, le fusain&#8230; Des conf\u00e9rences en histoire des arts peuvent compl\u00e9ter ce temps de cr\u00e9ativit\u00e9. <\/p>\n\n\n\n<p><br><\/p>\n\n\n\n<div class=\"wp-block-button alignright\"><a class=\"wp-block-button__link has-black-color has-cyan-bluish-gray-background-color has-text-color has-background wp-element-button\" href=\"https:\/\/atelier.lartimuse.fr\/?page_id=204\">En savoir plus<br><\/a><\/div>\n\n\n\n<p><\/p>\n\n\n\n<p><\/p>\n\n\n\n<h2 class=\"wp-block-heading\">Ateliers d&rsquo;arts plastiques<\/h2>\n\n\n<div class=\"wp-block-image is-style-rounded\">\n<figure class=\"alignleft size-thumbnail\"><img loading=\"lazy\" decoding=\"async\" width=\"150\" height=\"150\" src=\"https:\/\/abk-art-therapie.com\/wp-content\/uploads\/2024\/07\/IMG_20240701_111509-1-150x150.jpg\" alt=\"\" class=\"wp-image-386\" srcset=\"https:\/\/atelier.lartimuse.fr\/wp-content\/uploads\/2024\/07\/IMG_20240701_111509-1-150x150.jpg 150w, https:\/\/atelier.lartimuse.fr\/wp-content\/uploads\/2024\/07\/IMG_20240701_111509-1-300x300.jpg 300w, https:\/\/atelier.lartimuse.fr\/wp-content\/uploads\/2024\/07\/IMG_20240701_111509-1-1024x1024.jpg 1024w, https:\/\/atelier.lartimuse.fr\/wp-content\/uploads\/2024\/07\/IMG_20240701_111509-1-768x768.jpg 768w, https:\/\/atelier.lartimuse.fr\/wp-content\/uploads\/2024\/07\/IMG_20240701_111509-1-1536x1536.jpg 1536w, https:\/\/atelier.lartimuse.fr\/wp-content\/uploads\/2024\/07\/IMG_20240701_111509-1-2048x2048.jpg 2048w, https:\/\/atelier.lartimuse.fr\/wp-content\/uploads\/2024\/07\/IMG_20240701_111509-1-180x180.jpg 180w\" sizes=\"auto, (max-width: 150px) 100vw, 150px\" \/><\/figure>\n<\/div>\n\n\n<p><\/p>\n\n\n\n<p class=\"has-text-align-left\">Cr\u00e9er en s&rsquo;amusant tout en apprennant \u00e0 analyser des oeuvres d&rsquo;art moderne et contemporain.<\/p>\n\n\n\n<div class=\"wp-block-buttons is-content-justification-right is-layout-flex wp-container-core-buttons-is-layout-765c4724 wp-block-buttons-is-layout-flex\">\n<div class=\"wp-block-button\"><a class=\"wp-block-button__link has-cyan-bluish-gray-background-color has-background wp-element-button\" href=\"https:\/\/atelier.lartimuse.fr\/?page_id=375\" target=\"_blank\" rel=\"noreferrer noopener\"><mark style=\"background-color:#abb8c3\" class=\"has-inline-color has-black-color\">En savoir plus<\/mark><\/a><\/div>\n<\/div>\n\n\n\n<h2 class=\"wp-block-heading\">Interventions en milieu scolaire<\/h2>\n\n\n<div class=\"wp-block-image is-style-rounded\">\n<figure class=\"alignleft size-thumbnail\"><img loading=\"lazy\" decoding=\"async\" width=\"150\" height=\"150\" src=\"https:\/\/abk-art-therapie.com\/wp-content\/uploads\/2024\/07\/20210707_100459-150x150.jpg\" alt=\"\" class=\"wp-image-396\" srcset=\"https:\/\/atelier.lartimuse.fr\/wp-content\/uploads\/2024\/07\/20210707_100459-150x150.jpg 150w, https:\/\/atelier.lartimuse.fr\/wp-content\/uploads\/2024\/07\/20210707_100459-300x300.jpg 300w, https:\/\/atelier.lartimuse.fr\/wp-content\/uploads\/2024\/07\/20210707_100459-1024x1024.jpg 1024w, https:\/\/atelier.lartimuse.fr\/wp-content\/uploads\/2024\/07\/20210707_100459-768x768.jpg 768w, https:\/\/atelier.lartimuse.fr\/wp-content\/uploads\/2024\/07\/20210707_100459-1536x1536.jpg 1536w, https:\/\/atelier.lartimuse.fr\/wp-content\/uploads\/2024\/07\/20210707_100459-2048x2048.jpg 2048w, https:\/\/atelier.lartimuse.fr\/wp-content\/uploads\/2024\/07\/20210707_100459-180x180.jpg 180w\" sizes=\"auto, (max-width: 150px) 100vw, 150px\" \/><\/figure>\n<\/div>\n\n\n<p><\/p>\n\n\n\n<p class=\"has-text-align-left\">Des projets construits en amont avec les enseignants pour r\u00e9pondre aux besoins des \u00e9l\u00e8ves et aux programmes.<\/p>\n\n\n\n<div class=\"wp-block-buttons is-content-justification-right is-layout-flex wp-container-core-buttons-is-layout-765c4724 wp-block-buttons-is-layout-flex\">\n<div class=\"wp-block-button\"><a class=\"wp-block-button__link has-black-color has-cyan-bluish-gray-background-color has-text-color has-background wp-element-button\" href=\"https:\/\/atelier.lartimuse.fr\/?page_id=392\">En savoir plus<\/a><\/div>\n<\/div>\n\n\n\n<p><\/p>\n\n\n\n<h2 class=\"wp-block-heading\">Mon parcours<\/h2>\n\n\n<div class=\"wp-block-image\">\n<figure class=\"alignleft size-large is-resized\"><img loading=\"lazy\" decoding=\"async\" width=\"909\" height=\"1024\" src=\"https:\/\/atelier.lartimuse.fr\/wp-content\/uploads\/2021\/03\/Aur\u00e9lia-Bismuth_2021-909x1024.jpg\" alt=\"\" class=\"wp-image-360\" style=\"width:134px;height:auto\" srcset=\"https:\/\/atelier.lartimuse.fr\/wp-content\/uploads\/2021\/03\/Aur\u00e9lia-Bismuth_2021-909x1024.jpg 909w, https:\/\/atelier.lartimuse.fr\/wp-content\/uploads\/2021\/03\/Aur\u00e9lia-Bismuth_2021-266x300.jpg 266w, https:\/\/atelier.lartimuse.fr\/wp-content\/uploads\/2021\/03\/Aur\u00e9lia-Bismuth_2021-768x865.jpg 768w, https:\/\/atelier.lartimuse.fr\/wp-content\/uploads\/2021\/03\/Aur\u00e9lia-Bismuth_2021.jpg 983w\" sizes=\"auto, (max-width: 909px) 100vw, 909px\" \/><\/figure>\n<\/div>\n\n\n<p class=\"has-text-align-left\">Art-th\u00e9rapeute certifi\u00e9e RNCP de l&rsquo;Institut Profac, m\u00e9diatrice artistique et culturelle, je suis membre de la Ligue Professionnelle d&rsquo;Art-th\u00e9rapie et certifi\u00e9e Pass+.<\/p>\n\n\n\n<div class=\"wp-block-button alignright\"><a class=\"wp-block-button__link has-very-dark-gray-color has-cyan-bluish-gray-background-color has-text-color has-background wp-element-button\" href=\"https:\/\/atelier.lartimuse.fr\/?page_id=206\">En savoir plus<br><\/a><\/div>\n\n\n\n<p><br><\/p>\n\n\n\n<p><\/p>\n\n\n\n<h2 class=\"wp-block-heading\">Aller plus loin<\/h2>\n\n\n<div class=\"wp-block-image\">\n<figure class=\"alignleft size-full is-resized\"><img loading=\"lazy\" decoding=\"async\" width=\"179\" height=\"112\" src=\"https:\/\/atelier.lartimuse.fr\/wp-content\/uploads\/2020\/03\/AGREMENT-ATC-.png\" alt=\"\" class=\"wp-image-196\" style=\"width:131px;height:auto\"\/><\/figure>\n<\/div>\n\n\n<p class=\"has-text-align-left\">\nDes articles et des liens pour en savoir plus sur l&rsquo;art-th\u00e9rapie contemporaine.\n\n<\/p>\n\n\n\n<div class=\"wp-block-button alignright\"><a class=\"wp-block-button__link has-very-dark-gray-color has-cyan-bluish-gray-background-color has-text-color has-background wp-element-button\" href=\"https:\/\/atelier.lartimuse.fr\/?page_id=208\">En savoir plus<br><\/a><\/div>\n\n\n\n<p><\/p>\n\n\n\n<p><\/p>\n\n\n\n<p><\/p>\n\n\n\n<h2 class=\"wp-block-heading has-text-align-center\">Contact et rendez-vous<\/h2>\n\n\n\n<p class=\"has-text-align-center\">Vous pouvez me joindre au <strong>06.11.35.28.71<\/strong><\/p>\n\n\n\n<p class=\"has-text-align-center\">Sur rendez-vous \u00e0 <strong>Houilles<\/strong> et ses environs (78, 92 et 95)<\/p>\n\n\n\n<div class=\"wp-block-button aligncenter\"><a class=\"wp-block-button__link has-very-dark-gray-color has-cyan-bluish-gray-background-color has-text-color has-background wp-element-button\" href=\"https:\/\/atelier.lartimuse.fr\/?page_id=221\">Prendre RDV<br><\/a><\/div>\n\n\n<div class=\"wp-block-image\">\n<figure class=\"aligncenter size-full is-resized\"><img loading=\"lazy\" decoding=\"async\" width=\"1078\" height=\"1078\" src=\"https:\/\/atelier.lartimuse.fr\/wp-content\/uploads\/2024\/11\/logo-def-ateliers.jpg\" alt=\"\" class=\"wp-image-421\" style=\"aspect-ratio:1.7125;width:228px;height:auto\" srcset=\"https:\/\/atelier.lartimuse.fr\/wp-content\/uploads\/2024\/11\/logo-def-ateliers.jpg 1078w, https:\/\/atelier.lartimuse.fr\/wp-content\/uploads\/2024\/11\/logo-def-ateliers-300x300.jpg 300w, https:\/\/atelier.lartimuse.fr\/wp-content\/uploads\/2024\/11\/logo-def-ateliers-1024x1024.jpg 1024w, https:\/\/atelier.lartimuse.fr\/wp-content\/uploads\/2024\/11\/logo-def-ateliers-150x150.jpg 150w, https:\/\/atelier.lartimuse.fr\/wp-content\/uploads\/2024\/11\/logo-def-ateliers-768x768.jpg 768w, https:\/\/atelier.lartimuse.fr\/wp-content\/uploads\/2024\/11\/logo-def-ateliers-180x180.jpg 180w\" sizes=\"auto, (max-width: 1078px) 100vw, 1078px\" \/><\/figure>\n<\/div>\n\n\n<p><\/p>\n\n\n\n<p class=\"has-text-align-center\">\nEN CAS D&rsquo;URGENCE, VEUILLEZ CONTACTER LE SERVICE HOSPITALIER LE PLUS PROCHE.<br><\/p>\n\n\n\n<p><br><\/p>\n\n\n\n<p><\/p>\n","protected":false},"excerpt":{"rendered":"<p>L&rsquo;Art-th\u00e9rapie contemporaine Sans connaissance ni comp\u00e9tence pr\u00e9alable, l&rsquo;art-th\u00e9rapie contemporaine est adapt\u00e9e \u00e0 tous. C&rsquo;est un moment de r\u00eaverie, un voyage singulier \u00e0 travers soi. Par la cr\u00e9ativit\u00e9 et le je(u), l&rsquo;art-th\u00e9rapie contemporaine permet de mettre de la distance sur ce qui fait souffrir, ce qui encombre et emp\u00eache de se dire de mani\u00e8re singuli\u00e8re.&nbsp; Cr\u00e9ativit\u00e9&hellip; <a href=\"https:\/\/atelier.lartimuse.fr\/\" class=\"more-link\">Lire la suite <span class=\"screen-reader-text\">ACCUEIL<\/span><\/a><\/p>\n","protected":false},"author":1,"featured_media":169,"parent":0,"menu_order":0,"comment_status":"closed","ping_status":"closed","template":"templates\/grid-page.php","meta":{"footnotes":""},"class_list":["post-32","page","type-page","status-publish","has-post-thumbnail","hentry","with-featured-image"],"_links":{"self":[{"href":"https:\/\/atelier.lartimuse.fr\/index.php?rest_route=\/wp\/v2\/pages\/32","targetHints":{"allow":["GET"]}}],"collection":[{"href":"https:\/\/atelier.lartimuse.fr\/index.php?rest_route=\/wp\/v2\/pages"}],"about":[{"href":"https:\/\/atelier.lartimuse.fr\/index.php?rest_route=\/wp\/v2\/types\/page"}],"author":[{"embeddable":true,"href":"https:\/\/atelier.lartimuse.fr\/index.php?rest_route=\/wp\/v2\/users\/1"}],"replies":[{"embeddable":true,"href":"https:\/\/atelier.lartimuse.fr\/index.php?rest_route=%2Fwp%2Fv2%2Fcomments&post=32"}],"version-history":[{"count":63,"href":"https:\/\/atelier.lartimuse.fr\/index.php?rest_route=\/wp\/v2\/pages\/32\/revisions"}],"predecessor-version":[{"id":452,"href":"https:\/\/atelier.lartimuse.fr\/index.php?rest_route=\/wp\/v2\/pages\/32\/revisions\/452"}],"wp:featuredmedia":[{"embeddable":true,"href":"https:\/\/atelier.lartimuse.fr\/index.php?rest_route=\/wp\/v2\/media\/169"}],"wp:attachment":[{"href":"https:\/\/atelier.lartimuse.fr\/index.php?rest_route=%2Fwp%2Fv2%2Fmedia&parent=32"}],"curies":[{"name":"wp","href":"https:\/\/api.w.org\/{rel}","templated":true}]}}