{"id":208,"date":"2020-03-03T16:48:11","date_gmt":"2020-03-03T15:48:11","guid":{"rendered":"http:\/\/abk-art-therapie.com\/?page_id=208"},"modified":"2025-03-17T08:33:10","modified_gmt":"2025-03-17T07:33:10","slug":"aller-plus-loin","status":"publish","type":"page","link":"https:\/\/atelier.lartimuse.fr\/?page_id=208","title":{"rendered":"Aller plus loin"},"content":{"rendered":"\n<p><a href=\"http:\/\/abk-art-therapie.com\/wp-content\/uploads\/2020\/03\/CODE-DE-DEONTOLOGIE.pdf\">Code de d\u00e9ontologie <\/a><\/p>\n\n\n\n<p><a href=\"https:\/\/www.artherapie.com\/\" target=\"_blank\" rel=\"noreferrer noopener\" aria-label=\"L'art-th\u00e9rapie contemporaine (s\u2019ouvre dans un nouvel onglet)\">L&rsquo;art-th\u00e9rapie contemporaine<\/a><\/p>\n\n\n\n<p><a rel=\"noreferrer noopener\" aria-label=\"Ligue Professionnelle d'Art-Th\u00e9rapie (s\u2019ouvre dans un nouvel onglet)\" href=\"https:\/\/artherapie.levillage.org\/\" target=\"_blank\">Ligue Professionnelle d&rsquo;Art-Th\u00e9rapie<\/a> <\/p>\n\n\n\n<p><a href=\"https:\/\/www.passplus.fr\/Beneficiaire\/LandingPage.aspx?ReturnUrl=%2fBeneficiaire%2findex.html\">Le Pass +<\/a><\/p>\n\n\n<div class=\"wp-block-image\">\n<figure class=\"alignright size-full is-resized\"><a href=\"https:\/\/www.passplus.fr\/Beneficiaire\/LandingPage.aspx?ReturnUrl=%2fBeneficiaire%2findex.html\"><img loading=\"lazy\" decoding=\"async\" width=\"294\" height=\"171\" src=\"https:\/\/atelier.lartimuse.fr\/wp-content\/uploads\/2024\/07\/logo-pass.png\" alt=\"\" class=\"wp-image-382\" style=\"width:110px;height:auto\"\/><\/a><\/figure>\n<\/div>\n\n\n<figure class=\"wp-block-image size-full is-resized\"><img loading=\"lazy\" decoding=\"async\" width=\"179\" height=\"112\" src=\"https:\/\/atelier.lartimuse.fr\/wp-content\/uploads\/2020\/03\/AGREMENT-ATC-.png\" alt=\"\" class=\"wp-image-196\" style=\"width:112px;height:auto\"\/><\/figure>\n\n\n\n<p><\/p>\n","protected":false},"excerpt":{"rendered":"<p>Code de d\u00e9ontologie L&rsquo;art-th\u00e9rapie contemporaine Ligue Professionnelle d&rsquo;Art-Th\u00e9rapie Le Pass +<\/p>\n","protected":false},"author":2,"featured_media":169,"parent":0,"menu_order":0,"comment_status":"closed","ping_status":"closed","template":"","meta":{"footnotes":""},"class_list":["post-208","page","type-page","status-publish","has-post-thumbnail","hentry","with-featured-image"],"_links":{"self":[{"href":"https:\/\/atelier.lartimuse.fr\/index.php?rest_route=\/wp\/v2\/pages\/208","targetHints":{"allow":["GET"]}}],"collection":[{"href":"https:\/\/atelier.lartimuse.fr\/index.php?rest_route=\/wp\/v2\/pages"}],"about":[{"href":"https:\/\/atelier.lartimuse.fr\/index.php?rest_route=\/wp\/v2\/types\/page"}],"author":[{"embeddable":true,"href":"https:\/\/atelier.lartimuse.fr\/index.php?rest_route=\/wp\/v2\/users\/2"}],"replies":[{"embeddable":true,"href":"https:\/\/atelier.lartimuse.fr\/index.php?rest_route=%2Fwp%2Fv2%2Fcomments&post=208"}],"version-history":[{"count":8,"href":"https:\/\/atelier.lartimuse.fr\/index.php?rest_route=\/wp\/v2\/pages\/208\/revisions"}],"predecessor-version":[{"id":440,"href":"https:\/\/atelier.lartimuse.fr\/index.php?rest_route=\/wp\/v2\/pages\/208\/revisions\/440"}],"wp:featuredmedia":[{"embeddable":true,"href":"https:\/\/atelier.lartimuse.fr\/index.php?rest_route=\/wp\/v2\/media\/169"}],"wp:attachment":[{"href":"https:\/\/atelier.lartimuse.fr\/index.php?rest_route=%2Fwp%2Fv2%2Fmedia&parent=208"}],"curies":[{"name":"wp","href":"https:\/\/api.w.org\/{rel}","templated":true}]}}