{"id":206,"date":"2020-03-03T16:20:17","date_gmt":"2020-03-03T15:20:17","guid":{"rendered":"http:\/\/abk-art-therapie.com\/?page_id=206"},"modified":"2025-03-17T08:30:21","modified_gmt":"2025-03-17T07:30:21","slug":"mon-parcours","status":"publish","type":"page","link":"https:\/\/atelier.lartimuse.fr\/?page_id=206","title":{"rendered":"Mon parcours"},"content":{"rendered":"<div class=\"wp-block-image\">\n<figure class=\"alignleft size-large is-resized\"><img loading=\"lazy\" decoding=\"async\" width=\"909\" height=\"1024\" src=\"https:\/\/atelier.lartimuse.fr\/wp-content\/uploads\/2021\/03\/Aur\u00e9lia-Bismuth_2021-909x1024.jpg\" alt=\"\" class=\"wp-image-360\" style=\"width:115px;height:auto\" srcset=\"https:\/\/atelier.lartimuse.fr\/wp-content\/uploads\/2021\/03\/Aur\u00e9lia-Bismuth_2021-909x1024.jpg 909w, https:\/\/atelier.lartimuse.fr\/wp-content\/uploads\/2021\/03\/Aur\u00e9lia-Bismuth_2021-266x300.jpg 266w, https:\/\/atelier.lartimuse.fr\/wp-content\/uploads\/2021\/03\/Aur\u00e9lia-Bismuth_2021-768x865.jpg 768w, https:\/\/atelier.lartimuse.fr\/wp-content\/uploads\/2021\/03\/Aur\u00e9lia-Bismuth_2021.jpg 983w\" sizes=\"auto, (max-width: 909px) 100vw, 909px\" \/><\/figure>\n<\/div>\n\n\n<p>Apr\u00e8s une formation \u00e0 l&rsquo;Ecole d&rsquo;arts de Rueil-Malmaison et en m\u00e9diation culturelle \u00e0 La Sorbonne Nouvelle, je me suis occup\u00e9e, durant plus de 10 ans, de la conception et de l&rsquo;encadrement de visites et d&rsquo;ateliers pour les jeunes publics et les publics sp\u00e9cifiques dans un mus\u00e9e d&rsquo;art contemporain.<\/p>\n\n\n\n<p>Compl\u00e9tant mes comp\u00e9tences, ma formation \u00e0 l&rsquo;Institut Profac&nbsp;en&nbsp;art-th\u00e9rapie me permet de vous proposer un accompagnement adapt\u00e9 \u00e0 la situation que vous traversez. Sous la direction de Jean-Pierre Royol, Docteur en psychologie et psychopathologie clinique, mon m\u00e9moire de recherches porte sur la question de la trace dans le suivi art-th\u00e9rapeutique.<\/p>\n\n\n\n<p>J&rsquo;interviens actuellement en EHPAD, en Accueil de jour, en Unit\u00e9 prot\u00e9g\u00e9e ainsi qu&rsquo;\u00e0 domicile et en cabinet pour tous types de difficult\u00e9s.<\/p>\n\n\n\n<p>Membre de la Ligue professionnelle d\u2019Art-th\u00e9rapie, ma pratique respecte scrupuleusement le code de d\u00e9ontologie, que vous pouvez consulter <a rel=\"noreferrer noopener\" aria-label=\"ici (s\u2019ouvre dans un nouvel onglet)\" href=\"http:\/\/abk-art-therapie.com\/wp-content\/uploads\/2020\/03\/CODE-DE-DEONTOLOGIE.pdf\" target=\"_blank\">ici<\/a>. <\/p>\n\n\n\n<p><\/p>\n\n\n\n<div class=\"wp-block-button aligncenter\"><a class=\"wp-block-button__link has-very-dark-gray-color has-cyan-bluish-gray-background-color has-text-color has-background wp-element-button\" href=\"http:\/\/abk-art-therapie.com\/?page_id=221\">Prendre RDV<br><\/a><\/div>\n\n\n\n<p class=\"has-text-align-center\"><br><\/p>\n","protected":false},"excerpt":{"rendered":"<p>Apr\u00e8s une formation \u00e0 l&rsquo;Ecole d&rsquo;arts de Rueil-Malmaison et en m\u00e9diation culturelle \u00e0 La Sorbonne Nouvelle, je me suis occup\u00e9e, durant plus de 10 ans, de la conception et de l&rsquo;encadrement de visites et d&rsquo;ateliers pour les jeunes publics et les publics sp\u00e9cifiques dans un mus\u00e9e d&rsquo;art contemporain. Compl\u00e9tant mes comp\u00e9tences, ma formation \u00e0 l&rsquo;Institut&hellip; <a href=\"https:\/\/atelier.lartimuse.fr\/?page_id=206\" class=\"more-link\">Lire la suite <span class=\"screen-reader-text\">Mon parcours<\/span><\/a><\/p>\n","protected":false},"author":2,"featured_media":169,"parent":0,"menu_order":4,"comment_status":"closed","ping_status":"closed","template":"","meta":{"footnotes":""},"class_list":["post-206","page","type-page","status-publish","has-post-thumbnail","hentry","with-featured-image"],"_links":{"self":[{"href":"https:\/\/atelier.lartimuse.fr\/index.php?rest_route=\/wp\/v2\/pages\/206","targetHints":{"allow":["GET"]}}],"collection":[{"href":"https:\/\/atelier.lartimuse.fr\/index.php?rest_route=\/wp\/v2\/pages"}],"about":[{"href":"https:\/\/atelier.lartimuse.fr\/index.php?rest_route=\/wp\/v2\/types\/page"}],"author":[{"embeddable":true,"href":"https:\/\/atelier.lartimuse.fr\/index.php?rest_route=\/wp\/v2\/users\/2"}],"replies":[{"embeddable":true,"href":"https:\/\/atelier.lartimuse.fr\/index.php?rest_route=%2Fwp%2Fv2%2Fcomments&post=206"}],"version-history":[{"count":19,"href":"https:\/\/atelier.lartimuse.fr\/index.php?rest_route=\/wp\/v2\/pages\/206\/revisions"}],"predecessor-version":[{"id":436,"href":"https:\/\/atelier.lartimuse.fr\/index.php?rest_route=\/wp\/v2\/pages\/206\/revisions\/436"}],"wp:featuredmedia":[{"embeddable":true,"href":"https:\/\/atelier.lartimuse.fr\/index.php?rest_route=\/wp\/v2\/media\/169"}],"wp:attachment":[{"href":"https:\/\/atelier.lartimuse.fr\/index.php?rest_route=%2Fwp%2Fv2%2Fmedia&parent=206"}],"curies":[{"name":"wp","href":"https:\/\/api.w.org\/{rel}","templated":true}]}}