{"id":204,"date":"2020-03-03T16:19:45","date_gmt":"2020-03-03T15:19:45","guid":{"rendered":"http:\/\/abk-art-therapie.com\/?page_id=204"},"modified":"2025-07-30T13:53:31","modified_gmt":"2025-07-30T11:53:31","slug":"la-mediation-artistique","status":"publish","type":"page","link":"https:\/\/atelier.lartimuse.fr\/?page_id=204","title":{"rendered":"Cr\u00e9ativit\u00e9 et bien-\u00eatre"},"content":{"rendered":"\n<blockquote class=\"wp-block-quote is-layout-flow wp-block-quote-is-layout-flow\">\n<p>  \u00ab C&rsquo;est [\u2026] \u00e0 travers cette question de l&rsquo;objet, de la relation \u00e0 l&rsquo;objet en tant que production que l&rsquo;art-th\u00e9rapie et les ateliers de cr\u00e9ation ne peuvent se confondre. L&rsquo;un s&rsquo;ouvre \u00e0 la relation et au mouvement psychique, rel\u00e9guant l&rsquo;objet \u00e0 l&rsquo;ombre des souvenirs et favorisant l&rsquo;objet psychique, tandis que l&rsquo;autre pose l&rsquo;objet produit au c\u0153ur de son fonctionnement.&nbsp;\u00bb <\/p>\n<cite><em>Art et m\u00e9diation artistique<\/em>, B\u00e9atrice Geneau<br><\/cite><\/blockquote>\n\n\n\n<p>La m\u00e9diation artistique est un atelier de cr\u00e9ation plastique visant \u00e0 aborder une probl\u00e9matique particuli\u00e8re (harc\u00e8lement, vivre ensemble, violence, confiance en soi&#8230;) ou tout simplement pour chercher un \u00ab\u00a0bien \u00eatre\u00a0\u00bb. Elle se d\u00e9cline de plusieurs mani\u00e8res : <strong>atelier de cr\u00e9ativit\u00e9 simple<\/strong> ou <strong>conf\u00e9rence en histoire de l&rsquo;art suivie d&rsquo;un atelier<\/strong>.<\/p>\n\n\n\n<p>Durant une s\u00e9ance de m\u00e9diation artistique simple, diff\u00e9rentes techniques peuvent \u00eatre propos\u00e9es comme le dessin, la peinture, la sculpture, le pastel, le collage ou encore l&rsquo;\u00e9criture. L&rsquo;objectif est d&rsquo;\u00e9changer et de partager autour d&rsquo;un th\u00e8me choisi tout en apprenant de nouvelles techniques de cr\u00e9ation.<\/p>\n\n\n\n<p>La s\u00e9ance de m\u00e9diation artistique peut \u00eatre pr\u00e9c\u00e9d\u00e9es d&rsquo;une discussion autour d&rsquo;\u0153uvres d&rsquo;art contemporain li\u00e9es \u00e0 la th\u00e9matique choisie.<\/p>\n\n\n\n<p>Comme en art-th\u00e9rapie, le m\u00e9diateur artistique reste neutre sur ce qui est produit durant les ateliers, sans jugement ni interpr\u00e9tation. Toutefois, il peut apporter une aide technique pour arriver au r\u00e9sultat escompt\u00e9 par le participant et des \u00e9changes autour des r\u00e9alisations permettent d&rsquo;approfondir les questions soulev\u00e9es durant l&rsquo;atelier. <\/p>\n\n\n\n<p>Les ateliers de m\u00e9diation artistique s&rsquo;adressent \u00e0 tous, enfants comme adultes, en institution ou \u00e0 domicile, en groupe ou en individuel. <\/p>\n\n\n\n<p><\/p>\n\n\n\n<p><\/p>\n\n\n\n<h2 class=\"wp-block-heading\">Tarifs<\/h2>\n\n\n\n<p>Atelier individuel adultes et enfants (1h) : 50\u20ac<\/p>\n\n\n\n<p>Atelier individuel \u00e9tudiants (1h) : 40\u20ac<\/p>\n\n\n\n<p>S\u00e9ance de groupe (1h) : sur devis<\/p>\n\n\n\n<div class=\"wp-block-button aligncenter\"><a class=\"wp-block-button__link has-very-dark-gray-color has-cyan-bluish-gray-background-color has-text-color has-background wp-element-button\" href=\"http:\/\/abk-art-therapie.com\/?page_id=221\">Prendre RDV<br><\/a><\/div>\n","protected":false},"excerpt":{"rendered":"<p>\u00ab C&rsquo;est [\u2026] \u00e0 travers cette question de l&rsquo;objet, de la relation \u00e0 l&rsquo;objet en tant que production que l&rsquo;art-th\u00e9rapie et les ateliers de cr\u00e9ation ne peuvent se confondre. L&rsquo;un s&rsquo;ouvre \u00e0 la relation et au mouvement psychique, rel\u00e9guant l&rsquo;objet \u00e0 l&rsquo;ombre des souvenirs et favorisant l&rsquo;objet psychique, tandis que l&rsquo;autre pose l&rsquo;objet produit au&hellip; <a href=\"https:\/\/atelier.lartimuse.fr\/?page_id=204\" class=\"more-link\">Lire la suite <span class=\"screen-reader-text\">Cr\u00e9ativit\u00e9 et bien-\u00eatre<\/span><\/a><\/p>\n","protected":false},"author":2,"featured_media":169,"parent":0,"menu_order":2,"comment_status":"closed","ping_status":"closed","template":"","meta":{"footnotes":""},"class_list":["post-204","page","type-page","status-publish","has-post-thumbnail","hentry","with-featured-image"],"_links":{"self":[{"href":"https:\/\/atelier.lartimuse.fr\/index.php?rest_route=\/wp\/v2\/pages\/204","targetHints":{"allow":["GET"]}}],"collection":[{"href":"https:\/\/atelier.lartimuse.fr\/index.php?rest_route=\/wp\/v2\/pages"}],"about":[{"href":"https:\/\/atelier.lartimuse.fr\/index.php?rest_route=\/wp\/v2\/types\/page"}],"author":[{"embeddable":true,"href":"https:\/\/atelier.lartimuse.fr\/index.php?rest_route=\/wp\/v2\/users\/2"}],"replies":[{"embeddable":true,"href":"https:\/\/atelier.lartimuse.fr\/index.php?rest_route=%2Fwp%2Fv2%2Fcomments&post=204"}],"version-history":[{"count":16,"href":"https:\/\/atelier.lartimuse.fr\/index.php?rest_route=\/wp\/v2\/pages\/204\/revisions"}],"predecessor-version":[{"id":464,"href":"https:\/\/atelier.lartimuse.fr\/index.php?rest_route=\/wp\/v2\/pages\/204\/revisions\/464"}],"wp:featuredmedia":[{"embeddable":true,"href":"https:\/\/atelier.lartimuse.fr\/index.php?rest_route=\/wp\/v2\/media\/169"}],"wp:attachment":[{"href":"https:\/\/atelier.lartimuse.fr\/index.php?rest_route=%2Fwp%2Fv2%2Fmedia&parent=204"}],"curies":[{"name":"wp","href":"https:\/\/api.w.org\/{rel}","templated":true}]}}