{"id":191,"date":"2020-03-03T16:34:29","date_gmt":"2020-03-03T15:34:29","guid":{"rendered":"http:\/\/abk-art-therapie.com\/?page_id=191"},"modified":"2024-07-04T11:46:05","modified_gmt":"2024-07-04T09:46:05","slug":"lart-therapie-contemporaine","status":"publish","type":"page","link":"https:\/\/atelier.lartimuse.fr\/?page_id=191","title":{"rendered":"L&rsquo;Art-th\u00e9rapie contemporaine"},"content":{"rendered":"\n<blockquote class=\"wp-block-quote is-layout-flow wp-block-quote-is-layout-flow\"><p>Si vous vous mettez \u00e0 la place de l&rsquo;autre, o\u00f9 va-t-il se mettre ?<\/p><cite>Jacques Lacan<\/cite><\/blockquote>\n\n\n\n<p>\u00ab\u00a0L\u2019art-th\u00e9rapie contemporaine<strong> <\/strong>est  une m\u00e9thode de soin de support permettant de d\u00e9passer les difficult\u00e9s  personnelles par le biais d\u2019une stimulation des capacit\u00e9s cr\u00e9atrices.\u00a0\u00bb Face \u00e0 certaines difficult\u00e9s de la vie (maladie, angoisses, conflits, deuil, burn-out, d\u00e9pression, handicap&#8230;), les mots nous manquent. L&rsquo;art-th\u00e9rapie propose, gr\u00e2ce \u00e0 des dispositifs \u00e9ph\u00e9m\u00e8res cr\u00e9atifs, de s&rsquo;exprimer \u00ab\u00a0sans les mots\u00a0\u00bb, de se raconter de mani\u00e8re singuli\u00e8re pour reprendre sa parole en main. <\/p>\n\n\n\n<p>L&rsquo;art-th\u00e9rapie contemporaine permet de remettre du mouvement l\u00e0 o\u00f9 la pens\u00e9e est fig\u00e9e : redevenir acteur et non spectateur en reprenant le go\u00fbt de faire ses propres choix. <\/p>\n\n\n\n<p>L&rsquo;art-th\u00e9rapie contemporaine permet un \u00ab\u00a0mieux \u00eatre\u00a0\u00bb avec soi-m\u00eame face aux difficult\u00e9s auxquelles \u00ab\u00a0chaque un\u00a0\u00bb est confront\u00e9 \u00e0 diff\u00e9rents moments de sa vie. <\/p>\n\n\n\n<p>L&rsquo;art-th\u00e9rapie contemporaine ouvre \u00e0 un espace de cr\u00e9ativit\u00e9 \u00e9ph\u00e9m\u00e8re. Elle n&rsquo;a pas pour objectif de produire des objets et ne demande donc aucun savoir-faire ou connaissance sp\u00e9cifique. <\/p>\n\n\n\n<p>L&rsquo;art-th\u00e9rapeute pose un cadre neutre et confidentiel, sans jugement ni interpr\u00e9tation de ce qui se passe en s\u00e9ance. <br><\/p>\n\n\n\n<h2 class=\"wp-block-heading\">Pour qui ?<\/h2>\n\n\n\n<p>L&rsquo;art-th\u00e9rapie contemporaine s&rsquo;adresse \u00e0 tous : enfants, m\u00eame tout petits, adolescents ou adultes pr\u00e9sentant des difficult\u00e9s psychologiques, physiques ou sociales. <\/p>\n\n\n\n<p>Pour d\u00e9marrer une art-th\u00e9rapie, un entretien pr\u00e9liminaire est n\u00e9cessaire afin de permettre une rencontre entre le sujet et l&rsquo;art-th\u00e9rapeute. <\/p>\n\n\n\n<p>Les s\u00e9ances peuvent avoir lieu en institution, en entreprise, au sein d&rsquo;une association ou \u00e0 domicile, en groupe ou en individuel <\/p>\n\n\n\n<h2 class=\"wp-block-heading\">Tarifs<\/h2>\n\n\n\n<p>5\u00e9ance individuelle adultes et enfants (30 \u00e0 45 min) : 50\u20ac<\/p>\n\n\n\n<p>S\u00e9ance individuelle \u00e9tudiants sur justificatif (30 \u00e0 45 min) : 45 \u20ac<\/p>\n\n\n\n<p>S\u00e9ance de groupe : sur devis<\/p>\n\n\n\n<div class=\"wp-block-button aligncenter\"><a class=\"wp-block-button__link has-text-color has-very-dark-gray-color has-background has-cyan-bluish-gray-background-color\" href=\"http:\/\/abk-art-therapie.com\/?page_id=221\">Prendre rdv<br><\/a><\/div>\n\n\n\n<p style=\"text-align:center\">\nEN CAS D&rsquo;URGENCE, VEUILLEZ CONTACTER LE SERVICE HOSPITALIER LE PLUS PROCHE.<br><\/p>\n\n\n\n<p><br><\/p>\n\n\n\n<p><br><\/p>\n","protected":false},"excerpt":{"rendered":"<p>Si vous vous mettez \u00e0 la place de l&rsquo;autre, o\u00f9 va-t-il se mettre ? Jacques Lacan \u00ab\u00a0L\u2019art-th\u00e9rapie contemporaine est une m\u00e9thode de soin de support permettant de d\u00e9passer les difficult\u00e9s personnelles par le biais d\u2019une stimulation des capacit\u00e9s cr\u00e9atrices.\u00a0\u00bb Face \u00e0 certaines difficult\u00e9s de la vie (maladie, angoisses, conflits, deuil, burn-out, d\u00e9pression, handicap&#8230;), les mots&hellip; <a href=\"https:\/\/atelier.lartimuse.fr\/?page_id=191\" class=\"more-link\">Lire la suite <span class=\"screen-reader-text\">L&rsquo;Art-th\u00e9rapie contemporaine<\/span><\/a><\/p>\n","protected":false},"author":2,"featured_media":169,"parent":0,"menu_order":1,"comment_status":"closed","ping_status":"closed","template":"","meta":{"footnotes":""},"class_list":["post-191","page","type-page","status-publish","has-post-thumbnail","hentry","with-featured-image"],"_links":{"self":[{"href":"https:\/\/atelier.lartimuse.fr\/index.php?rest_route=\/wp\/v2\/pages\/191","targetHints":{"allow":["GET"]}}],"collection":[{"href":"https:\/\/atelier.lartimuse.fr\/index.php?rest_route=\/wp\/v2\/pages"}],"about":[{"href":"https:\/\/atelier.lartimuse.fr\/index.php?rest_route=\/wp\/v2\/types\/page"}],"author":[{"embeddable":true,"href":"https:\/\/atelier.lartimuse.fr\/index.php?rest_route=\/wp\/v2\/users\/2"}],"replies":[{"embeddable":true,"href":"https:\/\/atelier.lartimuse.fr\/index.php?rest_route=%2Fwp%2Fv2%2Fcomments&post=191"}],"version-history":[{"count":21,"href":"https:\/\/atelier.lartimuse.fr\/index.php?rest_route=\/wp\/v2\/pages\/191\/revisions"}],"predecessor-version":[{"id":355,"href":"https:\/\/atelier.lartimuse.fr\/index.php?rest_route=\/wp\/v2\/pages\/191\/revisions\/355"}],"wp:featuredmedia":[{"embeddable":true,"href":"https:\/\/atelier.lartimuse.fr\/index.php?rest_route=\/wp\/v2\/media\/169"}],"wp:attachment":[{"href":"https:\/\/atelier.lartimuse.fr\/index.php?rest_route=%2Fwp%2Fv2%2Fmedia&parent=191"}],"curies":[{"name":"wp","href":"https:\/\/api.w.org\/{rel}","templated":true}]}}